{"id":2308,"date":"2024-06-17T08:21:42","date_gmt":"2024-06-17T08:21:42","guid":{"rendered":"https:\/\/dantepraga.cz\/?page_id=2308"},"modified":"2024-08-27T11:41:57","modified_gmt":"2024-08-27T11:41:57","slug":"italstina-purchase-form","status":"publish","type":"page","link":"https:\/\/dantepraga.cz\/it\/italstina-purchase-form\/","title":{"rendered":"Ital\u0161tina purchase form"},"content":{"rendered":"<div data-elementor-type=\"wp-page\" data-elementor-id=\"2308\" class=\"elementor elementor-2308\" data-elementor-post-type=\"page\">\n\t\t\t\t<div class=\"elementor-element elementor-element-518021a8 e-flex e-con-boxed e-con e-parent\" data-id=\"518021a8\" data-element_type=\"container\">\n\t\t\t\t\t<div class=\"e-con-inner\">\n\t\t<div class=\"elementor-element elementor-element-259621f e-flex e-con-boxed e-con e-child\" data-id=\"259621f\" data-element_type=\"container\" data-settings=\"{&quot;background_background&quot;:&quot;classic&quot;}\">\n\t\t\t\t\t<div class=\"e-con-inner\">\n\t\t\t\t<div class=\"elementor-element elementor-element-6dfe31c elementor-widget elementor-widget-html\" data-id=\"6dfe31c\" data-element_type=\"widget\" data-widget_type=\"html.default\">\n\t\t\t\t<div class=\"elementor-widget-container\">\n\t\t\t<div id=\"mycat-purchase-form-area\" class=\"mycat-purchase-form-area\"><\/div>\t\t<\/div>\n\t\t\t\t<\/div>\n\t\t\t\t\t<\/div>\n\t\t\t\t<\/div>\n\t\t\t\t\t<\/div>\n\t\t\t\t<\/div>\n\t\t<div class=\"elementor-element elementor-element-4adef5a e-con-full e-flex e-con e-parent\" data-id=\"4adef5a\" data-element_type=\"container\" id=\"zasady-vyuky\" data-settings=\"{&quot;background_background&quot;:&quot;classic&quot;}\">\n\t\t<div class=\"elementor-element elementor-element-5c0e8c6 e-con-full e-flex e-con e-child\" data-id=\"5c0e8c6\" data-element_type=\"container\">\n\t\t<div class=\"elementor-element elementor-element-b652074 e-flex e-con-boxed e-con e-child\" data-id=\"b652074\" data-element_type=\"container\">\n\t\t\t\t\t<div class=\"e-con-inner\">\n\t\t<div class=\"elementor-element elementor-element-8ee36ec e-flex e-con-boxed e-con e-child\" data-id=\"8ee36ec\" data-element_type=\"container\">\n\t\t\t\t\t<div class=\"e-con-inner\">\n\t\t\t\t<div class=\"elementor-element elementor-element-c9c501e elementor-widget elementor-widget-heading\" data-id=\"c9c501e\" data-element_type=\"widget\" data-widget_type=\"heading.default\">\n\t\t\t\t<div class=\"elementor-widget-container\">\n\t\t\t<h1 class=\"elementor-heading-title elementor-size-default\">I nostri principi di insegnamento<\/h1>\t\t<\/div>\n\t\t\t\t<\/div>\n\t\t\t\t\t<\/div>\n\t\t\t\t<\/div>\n\t\t\t\t<div class=\"elementor-element elementor-element-3d37aaf elementor-widget elementor-widget-heading\" data-id=\"3d37aaf\" data-element_type=\"widget\" data-widget_type=\"heading.default\">\n\t\t\t\t<div class=\"elementor-widget-container\">\n\t\t\t<h2 class=\"elementor-heading-title elementor-size-default\">Il nostro insegnamento si basa su 4 pilastri fondamentali:\n\n<\/h2>\t\t<\/div>\n\t\t\t\t<\/div>\n\t\t\t\t\t<\/div>\n\t\t\t\t<\/div>\n\t\t<div class=\"elementor-element elementor-element-c1b12e6 e-con-full e-flex e-con e-child\" data-id=\"c1b12e6\" data-element_type=\"container\">\n\t\t<div class=\"elementor-element elementor-element-6010bd3 e-con-full e-flex e-con e-child\" data-id=\"6010bd3\" data-element_type=\"container\">\n\t\t\t\t<div class=\"elementor-element elementor-element-b93e0a3 elementor-view-default elementor-widget elementor-widget-icon\" data-id=\"b93e0a3\" data-element_type=\"widget\" data-widget_type=\"icon.default\">\n\t\t\t\t<div class=\"elementor-widget-container\">\n\t\t\t\t\t<div class=\"elementor-icon-wrapper\">\n\t\t\t<div class=\"elementor-icon\">\n\t\t\t<svg aria-hidden=\"true\" class=\"e-font-icon-svg e-fas-angle-double-right\" viewbox=\"0 0 448 512\" xmlns=\"http:\/\/www.w3.org\/2000\/svg\"><path d=\"M224.3 273l-136 136c-9.4 9.4-24.6 9.4-33.9 0l-22.6-22.6c-9.4-9.4-9.4-24.6 0-33.9l96.4-96.4-96.4-96.4c-9.4-9.4-9.4-24.6 0-33.9L54.3 103c9.4-9.4 24.6-9.4 33.9 0l136 136c9.5 9.4 9.5 24.6.1 34zm192-34l-136-136c-9.4-9.4-24.6-9.4-33.9 0l-22.6 22.6c-9.4 9.4-9.4 24.6 0 33.9l96.4 96.4-96.4 96.4c-9.4 9.4-9.4 24.6 0 33.9l22.6 22.6c9.4 9.4 24.6 9.4 33.9 0l136-136c9.4-9.2 9.4-24.4 0-33.8z\"><\/path><\/svg>\t\t\t<\/div>\n\t\t<\/div>\n\t\t\t\t<\/div>\n\t\t\t\t<\/div>\n\t\t\t\t<\/div>\n\t\t<div class=\"elementor-element elementor-element-bbf938c e-con-full e-flex e-con e-child\" data-id=\"bbf938c\" data-element_type=\"container\">\n\t\t\t\t<div class=\"elementor-element elementor-element-03e9100 elementor-widget elementor-widget-text-editor\" data-id=\"03e9100\" data-element_type=\"widget\" data-widget_type=\"text-editor.default\">\n\t\t\t\t<div class=\"elementor-widget-container\">\n\t\t\t\t\t\t\t<p>Approccio didattico secondo il Quadro Comune Europeo di Riferimento per le Lingue, con attenzione particolare alla produzione orale e all'ascolto.<\/p>\t\t\t\t\t\t<\/div>\n\t\t\t\t<\/div>\n\t\t\t\t<\/div>\n\t\t\t\t<\/div>\n\t\t<div class=\"elementor-element elementor-element-5e42a5c e-flex e-con-boxed e-con e-child\" data-id=\"5e42a5c\" data-element_type=\"container\">\n\t\t\t\t\t<div class=\"e-con-inner\">\n\t\t<div class=\"elementor-element elementor-element-4fb43e2 e-con-full e-flex e-con e-child\" data-id=\"4fb43e2\" data-element_type=\"container\">\n\t\t\t\t<div class=\"elementor-element elementor-element-61e060e elementor-view-default elementor-widget elementor-widget-icon\" data-id=\"61e060e\" data-element_type=\"widget\" data-widget_type=\"icon.default\">\n\t\t\t\t<div class=\"elementor-widget-container\">\n\t\t\t\t\t<div class=\"elementor-icon-wrapper\">\n\t\t\t<div class=\"elementor-icon\">\n\t\t\t<svg aria-hidden=\"true\" class=\"e-font-icon-svg e-fas-angle-double-right\" viewbox=\"0 0 448 512\" xmlns=\"http:\/\/www.w3.org\/2000\/svg\"><path d=\"M224.3 273l-136 136c-9.4 9.4-24.6 9.4-33.9 0l-22.6-22.6c-9.4-9.4-9.4-24.6 0-33.9l96.4-96.4-96.4-96.4c-9.4-9.4-9.4-24.6 0-33.9L54.3 103c9.4-9.4 24.6-9.4 33.9 0l136 136c9.5 9.4 9.5 24.6.1 34zm192-34l-136-136c-9.4-9.4-24.6-9.4-33.9 0l-22.6 22.6c-9.4 9.4-9.4 24.6 0 33.9l96.4 96.4-96.4 96.4c-9.4 9.4-9.4 24.6 0 33.9l22.6 22.6c9.4 9.4 24.6 9.4 33.9 0l136-136c9.4-9.2 9.4-24.4 0-33.8z\"><\/path><\/svg>\t\t\t<\/div>\n\t\t<\/div>\n\t\t\t\t<\/div>\n\t\t\t\t<\/div>\n\t\t\t\t<\/div>\n\t\t<div class=\"elementor-element elementor-element-76fc6eb e-con-full e-flex e-con e-child\" data-id=\"76fc6eb\" data-element_type=\"container\">\n\t\t\t\t<div class=\"elementor-element elementor-element-16e5ac0 elementor-widget elementor-widget-text-editor\" data-id=\"16e5ac0\" data-element_type=\"widget\" data-widget_type=\"text-editor.default\">\n\t\t\t\t<div class=\"elementor-widget-container\">\n\t\t\t\t\t\t\t<p>Comunicazione in italiano sin dalla prima lezione.<\/p>\t\t\t\t\t\t<\/div>\n\t\t\t\t<\/div>\n\t\t\t\t<\/div>\n\t\t\t\t\t<\/div>\n\t\t\t\t<\/div>\n\t\t<div class=\"elementor-element elementor-element-c2a4a74 e-flex e-con-boxed e-con e-child\" data-id=\"c2a4a74\" data-element_type=\"container\">\n\t\t\t\t\t<div class=\"e-con-inner\">\n\t\t<div class=\"elementor-element elementor-element-c684dc2 e-con-full e-flex e-con e-child\" data-id=\"c684dc2\" data-element_type=\"container\">\n\t\t\t\t<div class=\"elementor-element elementor-element-0d875a1 elementor-view-default elementor-widget elementor-widget-icon\" data-id=\"0d875a1\" data-element_type=\"widget\" data-widget_type=\"icon.default\">\n\t\t\t\t<div class=\"elementor-widget-container\">\n\t\t\t\t\t<div class=\"elementor-icon-wrapper\">\n\t\t\t<div class=\"elementor-icon\">\n\t\t\t<svg aria-hidden=\"true\" class=\"e-font-icon-svg e-fas-angle-double-right\" viewbox=\"0 0 448 512\" xmlns=\"http:\/\/www.w3.org\/2000\/svg\"><path d=\"M224.3 273l-136 136c-9.4 9.4-24.6 9.4-33.9 0l-22.6-22.6c-9.4-9.4-9.4-24.6 0-33.9l96.4-96.4-96.4-96.4c-9.4-9.4-9.4-24.6 0-33.9L54.3 103c9.4-9.4 24.6-9.4 33.9 0l136 136c9.5 9.4 9.5 24.6.1 34zm192-34l-136-136c-9.4-9.4-24.6-9.4-33.9 0l-22.6 22.6c-9.4 9.4-9.4 24.6 0 33.9l96.4 96.4-96.4 96.4c-9.4 9.4-9.4 24.6 0 33.9l22.6 22.6c9.4 9.4 24.6 9.4 33.9 0l136-136c9.4-9.2 9.4-24.4 0-33.8z\"><\/path><\/svg>\t\t\t<\/div>\n\t\t<\/div>\n\t\t\t\t<\/div>\n\t\t\t\t<\/div>\n\t\t\t\t<\/div>\n\t\t<div class=\"elementor-element elementor-element-2a273bc e-con-full e-flex e-con e-child\" data-id=\"2a273bc\" data-element_type=\"container\">\n\t\t\t\t<div class=\"elementor-element elementor-element-7aa7acb elementor-widget elementor-widget-text-editor\" data-id=\"7aa7acb\" data-element_type=\"widget\" data-widget_type=\"text-editor.default\">\n\t\t\t\t<div class=\"elementor-widget-container\">\n\t\t\t\t\t\t\t<p>Materiali esclusivamente in italiano, integrati con contenuti autentici.<\/p>\t\t\t\t\t\t<\/div>\n\t\t\t\t<\/div>\n\t\t\t\t<\/div>\n\t\t\t\t\t<\/div>\n\t\t\t\t<\/div>\n\t\t<div class=\"elementor-element elementor-element-bda4c5d e-flex e-con-boxed e-con e-child\" data-id=\"bda4c5d\" data-element_type=\"container\">\n\t\t\t\t\t<div class=\"e-con-inner\">\n\t\t<div class=\"elementor-element elementor-element-0e31c59 e-con-full e-flex e-con e-child\" data-id=\"0e31c59\" data-element_type=\"container\">\n\t\t\t\t<div class=\"elementor-element elementor-element-db95b4d elementor-view-default elementor-widget elementor-widget-icon\" data-id=\"db95b4d\" data-element_type=\"widget\" data-widget_type=\"icon.default\">\n\t\t\t\t<div class=\"elementor-widget-container\">\n\t\t\t\t\t<div class=\"elementor-icon-wrapper\">\n\t\t\t<div class=\"elementor-icon\">\n\t\t\t<svg aria-hidden=\"true\" class=\"e-font-icon-svg e-fas-angle-double-right\" viewbox=\"0 0 448 512\" xmlns=\"http:\/\/www.w3.org\/2000\/svg\"><path d=\"M224.3 273l-136 136c-9.4 9.4-24.6 9.4-33.9 0l-22.6-22.6c-9.4-9.4-9.4-24.6 0-33.9l96.4-96.4-96.4-96.4c-9.4-9.4-9.4-24.6 0-33.9L54.3 103c9.4-9.4 24.6-9.4 33.9 0l136 136c9.5 9.4 9.5 24.6.1 34zm192-34l-136-136c-9.4-9.4-24.6-9.4-33.9 0l-22.6 22.6c-9.4 9.4-9.4 24.6 0 33.9l96.4 96.4-96.4 96.4c-9.4 9.4-9.4 24.6 0 33.9l22.6 22.6c9.4 9.4 24.6 9.4 33.9 0l136-136c9.4-9.2 9.4-24.4 0-33.8z\"><\/path><\/svg>\t\t\t<\/div>\n\t\t<\/div>\n\t\t\t\t<\/div>\n\t\t\t\t<\/div>\n\t\t\t\t<\/div>\n\t\t<div class=\"elementor-element elementor-element-9c9c669 e-con-full e-flex e-con e-child\" data-id=\"9c9c669\" data-element_type=\"container\">\n\t\t\t\t<div class=\"elementor-element elementor-element-d9d8953 elementor-widget elementor-widget-text-editor\" data-id=\"d9d8953\" data-element_type=\"widget\" data-widget_type=\"text-editor.default\">\n\t\t\t\t<div class=\"elementor-widget-container\">\n\t\t\t\t\t\t\t<p>Insegnanti madrelingua con formazione universitaria specifica e lunga esperienza.<\/p>\t\t\t\t\t\t<\/div>\n\t\t\t\t<\/div>\n\t\t\t\t<\/div>\n\t\t\t\t\t<\/div>\n\t\t\t\t<\/div>\n\t\t\t\t<\/div>\n\t\t<div class=\"elementor-element elementor-element-0691d48 e-con-full e-flex e-con e-child\" data-id=\"0691d48\" data-element_type=\"container\">\n\t\t\t\t<div class=\"elementor-element elementor-element-cfec322 elementor-widget elementor-widget-image\" data-id=\"cfec322\" data-element_type=\"widget\" data-widget_type=\"image.default\">\n\t\t\t\t<div class=\"elementor-widget-container\">\n\t\t\t\t\t\t\t\t\t\t\t\t\t<img fetchpriority=\"high\" decoding=\"async\" width=\"1024\" height=\"849\" src=\"https:\/\/dantepraga.cz\/wp-content\/uploads\/2024\/06\/zasady2-1024x849.jpg\" class=\"attachment-large size-large wp-image-2884\" alt=\"\" srcset=\"https:\/\/dantepraga.cz\/wp-content\/uploads\/2024\/06\/zasady2-1024x849.jpg 1024w, https:\/\/dantepraga.cz\/wp-content\/uploads\/2024\/06\/zasady2-300x249.jpg 300w, https:\/\/dantepraga.cz\/wp-content\/uploads\/2024\/06\/zasady2-768x637.jpg 768w, https:\/\/dantepraga.cz\/wp-content\/uploads\/2024\/06\/zasady2.jpg 1500w\" sizes=\"(max-width: 1024px) 100vw, 1024px\" \/>\t\t\t\t\t\t\t\t\t\t\t\t\t<\/div>\n\t\t\t\t<\/div>\n\t\t<div class=\"elementor-element elementor-element-44cad71 e-flex e-con-boxed e-con e-child\" data-id=\"44cad71\" data-element_type=\"container\">\n\t\t\t\t\t<div class=\"e-con-inner\">\n\t\t\t\t<div class=\"elementor-element elementor-element-291e9d4 elementor-widget elementor-widget-heading\" data-id=\"291e9d4\" data-element_type=\"widget\" data-widget_type=\"heading.default\">\n\t\t\t\t<div class=\"elementor-widget-container\">\n\t\t\t<p class=\"elementor-heading-title elementor-size-default\">Dott. Roberto Rega<br>Coordinatrice dei corsi di italiano<\/p>\t\t<\/div>\n\t\t\t\t<\/div>\n\t\t\t\t\t<\/div>\n\t\t\t\t<\/div>\n\t\t\t\t<\/div>\n\t\t\t\t<\/div>\n\t\t<div class=\"elementor-element elementor-element-8cc3e1a e-con-full e-flex e-con e-parent\" data-id=\"8cc3e1a\" data-element_type=\"container\" id=\"podminky-pro-zapis\" data-settings=\"{&quot;background_background&quot;:&quot;classic&quot;}\">\n\t\t<div class=\"elementor-element elementor-element-5bb2faa e-con-full e-flex e-con e-child\" data-id=\"5bb2faa\" data-element_type=\"container\">\n\t\t\t\t<div class=\"elementor-element elementor-element-7a2bd75 elementor-widget elementor-widget-heading\" data-id=\"7a2bd75\" data-element_type=\"widget\" data-widget_type=\"heading.default\">\n\t\t\t\t<div class=\"elementor-widget-container\">\n\t\t\t<h1 class=\"elementor-heading-title elementor-size-default\">Condizioni<\/h1>\t\t<\/div>\n\t\t\t\t<\/div>\n\t\t\t\t<div class=\"elementor-element elementor-element-4527c4c elementor-widget-tablet__width-initial elementor-widget elementor-widget-heading\" data-id=\"4527c4c\" data-element_type=\"widget\" data-widget_type=\"heading.default\">\n\t\t\t\t<div class=\"elementor-widget-container\">\n\t\t\t<p class=\"elementor-heading-title elementor-size-default\">I corsi sono organizzati da Societ\u00e0 Dante Alighieri, o.s. con sede in Pod Dl\u00e1\u017ed\u011bnkou 4 \u2013 Praga 8, I\u010c 26989263, e ufficio in Letensk\u00e9 n\u00e1m., 170 00 Praga 7, I\u010c 26989263 (di seguito \"sezione di Praga SDA\").<br><br>\nL'iscrizione diventa definitiva solo dopo il pagamento della tassa di iscrizione prima dell'inizio delle lezioni sul conto bancario numero 1032676018\/2700. \u00c8 obbligatorio indicare il simbolo variabile assegnato al momento del pagamento.<br><br>\nLe lezioni sono tenute da insegnanti con comprovata esperienza nell'insegnamento della lingua italiana a persone di altre nazionalit\u00e0 e con qualifiche riconosciute dall'istituzione madre, Societ\u00e0 Dante Alighieri, a Roma, Piazza Firenze 27, CAP 00186.<br><br>\nLe lezioni si svolgono nelle aule della sezione di Praga SDA in Letensk\u00e9 n\u00e1m. 1, 170 00 Praga 7. Eventuali cambiamenti nella sede delle lezioni saranno comunicati in anticipo.<br><br>\nSe l'insegnante non pu\u00f2 condurre il corso per motivi gravi, la sezione di Praga SDA si impegna a fornire un sostituto. In caso di impossibilit\u00e0 di trovare un sostituto, la lezione sar\u00e0 recuperata in un giorno e ora concordati tra l'insegnante e gli studenti.<br><br>\nLo studente che non partecipa a quattro lezioni consecutive senza preavviso all'insegnante o al segretariato della sezione di Praga SDA sar\u00e0 escluso dal corso senza diritto al rimborso della tassa di iscrizione.<br><br>\nI corsi prevedono un minimo di 4 e un massimo di 8 studenti. In caso di apertura del corso con tre studenti, il costo del corso sar\u00e0 adeguatamente aumentato.<br><br>\nL'iscrizione \u00e8 valida solo dopo il pagamento della tassa di iscrizione. Se il corso scelto non viene aperto per mancanza di interessati, allo studente sar\u00e0 offerto un corso alternativo adatto alle sue esigenze.<br><br>\nSe lo studente rifiuta la soluzione alternativa proposta prima dell'inizio del corso, sar\u00e0 rimborsata la parte della tassa di iscrizione gi\u00e0 pagata.<br><br>\nLa sezione di Praga si riserva il diritto di trattenere il 25% della tassa di iscrizione se lo studente si ritira meno di una settimana prima dell'inizio del corso regolarmente aperto.<br><br>\nDopo l'inizio delle lezioni, lo studente non ha diritto al rimborso della tassa di iscrizione o di una parte di essa.<\/p>\t\t<\/div>\n\t\t\t\t<\/div>\n\t\t\t\t<\/div>\n\t\t\t\t<\/div>\n\t\t\t\t<\/div>","protected":false},"excerpt":{"rendered":"<p>Z\u00e1sady na\u0161\u00ed v\u00fduky Na\u0161e v\u00fduka je zalo\u017eena na 4 z\u00e1kladn\u00edch pil\u00ed\u0159\u00edch: Unik\u00e1tn\u00ed vzd\u011bl\u00e1vac\u00ed p\u0159\u00edstup podle Spole\u010dn\u00e9ho evropsk\u00e9ho referen\u010dn\u00edho r\u00e1mce pro jazyky, se zam\u011b\u0159en\u00edm na poslech a mluven\u00ed. Komunikace v ital\u0161tin\u011b ihned od prvn\u00ed lekce. Materi\u00e1ly pouze v ital\u0161tin\u011b, dopln\u011bn\u00e9 autentick\u00fdm obsahem. Lekto\u0159i jsou rodil\u00ed mluv\u010d\u00ed s vysoko\u0161kolsk\u00fdm vzd\u011bl\u00e1n\u00edm a dlouholetou prax\u00ed. Dott. Roberto RegaKoordin\u00e1tor kurz\u016f [&hellip;]<\/p>","protected":false},"author":1,"featured_media":0,"parent":0,"menu_order":0,"comment_status":"closed","ping_status":"closed","template":"elementor_header_footer","meta":{"footnotes":""},"class_list":["post-2308","page","type-page","status-publish","hentry","entry"],"yoast_head":"<!-- This site is optimized with the Yoast SEO plugin v26.8 - https:\/\/yoast.com\/product\/yoast-seo-wordpress\/ -->\n<title>Ital\u0161tina purchase form - Dante Praga<\/title>\n<meta name=\"robots\" content=\"index, follow, max-snippet:-1, max-image-preview:large, max-video-preview:-1\" \/>\n<link rel=\"canonical\" href=\"https:\/\/dantepraga.cz\/it\/italstina-purchase-form\/\" \/>\n<meta property=\"og:locale\" content=\"it_IT\" \/>\n<meta property=\"og:type\" content=\"article\" \/>\n<meta property=\"og:title\" content=\"Ital\u0161tina purchase form - Dante Praga\" \/>\n<meta property=\"og:description\" content=\"Z\u00e1sady na\u0161\u00ed v\u00fduky Na\u0161e v\u00fduka je zalo\u017eena na 4 z\u00e1kladn\u00edch pil\u00ed\u0159\u00edch: Unik\u00e1tn\u00ed vzd\u011bl\u00e1vac\u00ed p\u0159\u00edstup podle Spole\u010dn\u00e9ho evropsk\u00e9ho referen\u010dn\u00edho r\u00e1mce pro jazyky, se zam\u011b\u0159en\u00edm na poslech a mluven\u00ed. Komunikace v ital\u0161tin\u011b ihned od prvn\u00ed lekce. Materi\u00e1ly pouze v ital\u0161tin\u011b, dopln\u011bn\u00e9 autentick\u00fdm obsahem. Lekto\u0159i jsou rodil\u00ed mluv\u010d\u00ed s vysoko\u0161kolsk\u00fdm vzd\u011bl\u00e1n\u00edm a dlouholetou prax\u00ed. Dott. Roberto RegaKoordin\u00e1tor kurz\u016f [&hellip;]\" \/>\n<meta property=\"og:url\" content=\"https:\/\/dantepraga.cz\/it\/italstina-purchase-form\/\" \/>\n<meta property=\"og:site_name\" content=\"Dante Praga\" \/>\n<meta property=\"article:publisher\" content=\"https:\/\/www.facebook.com\/dantealighieripraga\/\" \/>\n<meta property=\"article:modified_time\" content=\"2024-08-27T11:41:57+00:00\" \/>\n<meta property=\"og:image\" content=\"https:\/\/dantepraga.cz\/wp-content\/uploads\/2024\/06\/zasady2-1024x849.jpg\" \/>\n<meta name=\"twitter:card\" content=\"summary_large_image\" \/>\n<script type=\"application\/ld+json\" class=\"yoast-schema-graph\">{\"@context\":\"https:\/\/schema.org\",\"@graph\":[{\"@type\":\"WebPage\",\"@id\":\"https:\/\/dantepraga.cz\/italstina-purchase-form\/\",\"url\":\"https:\/\/dantepraga.cz\/italstina-purchase-form\/\",\"name\":\"Ital\u0161tina purchase form - Dante Praga\",\"isPartOf\":{\"@id\":\"https:\/\/dantepraga.cz\/#website\"},\"primaryImageOfPage\":{\"@id\":\"https:\/\/dantepraga.cz\/italstina-purchase-form\/#primaryimage\"},\"image\":{\"@id\":\"https:\/\/dantepraga.cz\/italstina-purchase-form\/#primaryimage\"},\"thumbnailUrl\":\"https:\/\/dantepraga.cz\/wp-content\/uploads\/2024\/06\/zasady2-1024x849.jpg\",\"datePublished\":\"2024-06-17T08:21:42+00:00\",\"dateModified\":\"2024-08-27T11:41:57+00:00\",\"breadcrumb\":{\"@id\":\"https:\/\/dantepraga.cz\/italstina-purchase-form\/#breadcrumb\"},\"inLanguage\":\"it-IT\",\"potentialAction\":[{\"@type\":\"ReadAction\",\"target\":[\"https:\/\/dantepraga.cz\/italstina-purchase-form\/\"]}]},{\"@type\":\"ImageObject\",\"inLanguage\":\"it-IT\",\"@id\":\"https:\/\/dantepraga.cz\/italstina-purchase-form\/#primaryimage\",\"url\":\"https:\/\/dantepraga.cz\/wp-content\/uploads\/2024\/06\/zasady2-1024x849.jpg\",\"contentUrl\":\"https:\/\/dantepraga.cz\/wp-content\/uploads\/2024\/06\/zasady2-1024x849.jpg\"},{\"@type\":\"BreadcrumbList\",\"@id\":\"https:\/\/dantepraga.cz\/italstina-purchase-form\/#breadcrumb\",\"itemListElement\":[{\"@type\":\"ListItem\",\"position\":1,\"name\":\"Home\",\"item\":\"https:\/\/dantepraga.cz\/\"},{\"@type\":\"ListItem\",\"position\":2,\"name\":\"Ital\u0161tina purchase form\"}]},{\"@type\":\"WebSite\",\"@id\":\"https:\/\/dantepraga.cz\/#website\",\"url\":\"https:\/\/dantepraga.cz\/\",\"name\":\"Dante Praga\",\"description\":\"\",\"publisher\":{\"@id\":\"https:\/\/dantepraga.cz\/#organization\"},\"alternateName\":\"SOCIET\u00c0 DANTE ALIGHIERI\",\"potentialAction\":[{\"@type\":\"SearchAction\",\"target\":{\"@type\":\"EntryPoint\",\"urlTemplate\":\"https:\/\/dantepraga.cz\/?s={search_term_string}\"},\"query-input\":{\"@type\":\"PropertyValueSpecification\",\"valueRequired\":true,\"valueName\":\"search_term_string\"}}],\"inLanguage\":\"it-IT\"},{\"@type\":\"Organization\",\"@id\":\"https:\/\/dantepraga.cz\/#organization\",\"name\":\"Dante Praga\",\"url\":\"https:\/\/dantepraga.cz\/\",\"logo\":{\"@type\":\"ImageObject\",\"inLanguage\":\"it-IT\",\"@id\":\"https:\/\/dantepraga.cz\/#\/schema\/logo\/image\/\",\"url\":\"https:\/\/dantepraga.cz\/wp-content\/uploads\/2025\/04\/cropped-logo-dantepraga-new.png\",\"contentUrl\":\"https:\/\/dantepraga.cz\/wp-content\/uploads\/2025\/04\/cropped-logo-dantepraga-new.png\",\"width\":400,\"height\":136,\"caption\":\"Dante Praga\"},\"image\":{\"@id\":\"https:\/\/dantepraga.cz\/#\/schema\/logo\/image\/\"},\"sameAs\":[\"https:\/\/www.facebook.com\/dantealighieripraga\/\"]}]}<\/script>\n<!-- \/ Yoast SEO plugin. -->","yoast_head_json":{"title":"Ital\u0161tina purchase form - Dante Praga","robots":{"index":"index","follow":"follow","max-snippet":"max-snippet:-1","max-image-preview":"max-image-preview:large","max-video-preview":"max-video-preview:-1"},"canonical":"https:\/\/dantepraga.cz\/it\/italstina-purchase-form\/","og_locale":"it_IT","og_type":"article","og_title":"Ital\u0161tina purchase form - Dante Praga","og_description":"Z\u00e1sady na\u0161\u00ed v\u00fduky Na\u0161e v\u00fduka je zalo\u017eena na 4 z\u00e1kladn\u00edch pil\u00ed\u0159\u00edch: Unik\u00e1tn\u00ed vzd\u011bl\u00e1vac\u00ed p\u0159\u00edstup podle Spole\u010dn\u00e9ho evropsk\u00e9ho referen\u010dn\u00edho r\u00e1mce pro jazyky, se zam\u011b\u0159en\u00edm na poslech a mluven\u00ed. Komunikace v ital\u0161tin\u011b ihned od prvn\u00ed lekce. Materi\u00e1ly pouze v ital\u0161tin\u011b, dopln\u011bn\u00e9 autentick\u00fdm obsahem. Lekto\u0159i jsou rodil\u00ed mluv\u010d\u00ed s vysoko\u0161kolsk\u00fdm vzd\u011bl\u00e1n\u00edm a dlouholetou prax\u00ed. Dott. Roberto RegaKoordin\u00e1tor kurz\u016f [&hellip;]","og_url":"https:\/\/dantepraga.cz\/it\/italstina-purchase-form\/","og_site_name":"Dante Praga","article_publisher":"https:\/\/www.facebook.com\/dantealighieripraga\/","article_modified_time":"2024-08-27T11:41:57+00:00","og_image":[{"url":"https:\/\/dantepraga.cz\/wp-content\/uploads\/2024\/06\/zasady2-1024x849.jpg","type":"","width":"","height":""}],"twitter_card":"summary_large_image","schema":{"@context":"https:\/\/schema.org","@graph":[{"@type":"WebPage","@id":"https:\/\/dantepraga.cz\/italstina-purchase-form\/","url":"https:\/\/dantepraga.cz\/italstina-purchase-form\/","name":"Ital\u0161tina purchase form - Dante Praga","isPartOf":{"@id":"https:\/\/dantepraga.cz\/#website"},"primaryImageOfPage":{"@id":"https:\/\/dantepraga.cz\/italstina-purchase-form\/#primaryimage"},"image":{"@id":"https:\/\/dantepraga.cz\/italstina-purchase-form\/#primaryimage"},"thumbnailUrl":"https:\/\/dantepraga.cz\/wp-content\/uploads\/2024\/06\/zasady2-1024x849.jpg","datePublished":"2024-06-17T08:21:42+00:00","dateModified":"2024-08-27T11:41:57+00:00","breadcrumb":{"@id":"https:\/\/dantepraga.cz\/italstina-purchase-form\/#breadcrumb"},"inLanguage":"it-IT","potentialAction":[{"@type":"ReadAction","target":["https:\/\/dantepraga.cz\/italstina-purchase-form\/"]}]},{"@type":"ImageObject","inLanguage":"it-IT","@id":"https:\/\/dantepraga.cz\/italstina-purchase-form\/#primaryimage","url":"https:\/\/dantepraga.cz\/wp-content\/uploads\/2024\/06\/zasady2-1024x849.jpg","contentUrl":"https:\/\/dantepraga.cz\/wp-content\/uploads\/2024\/06\/zasady2-1024x849.jpg"},{"@type":"BreadcrumbList","@id":"https:\/\/dantepraga.cz\/italstina-purchase-form\/#breadcrumb","itemListElement":[{"@type":"ListItem","position":1,"name":"Home","item":"https:\/\/dantepraga.cz\/"},{"@type":"ListItem","position":2,"name":"Ital\u0161tina purchase form"}]},{"@type":"WebSite","@id":"https:\/\/dantepraga.cz\/#website","url":"https:\/\/dantepraga.cz\/","name":"Dante Praga","description":"","publisher":{"@id":"https:\/\/dantepraga.cz\/#organization"},"alternateName":"SOCIET\u00c0 DANTE ALIGHIERI","potentialAction":[{"@type":"SearchAction","target":{"@type":"EntryPoint","urlTemplate":"https:\/\/dantepraga.cz\/?s={search_term_string}"},"query-input":{"@type":"PropertyValueSpecification","valueRequired":true,"valueName":"search_term_string"}}],"inLanguage":"it-IT"},{"@type":"Organization","@id":"https:\/\/dantepraga.cz\/#organization","name":"Dante Praga","url":"https:\/\/dantepraga.cz\/","logo":{"@type":"ImageObject","inLanguage":"it-IT","@id":"https:\/\/dantepraga.cz\/#\/schema\/logo\/image\/","url":"https:\/\/dantepraga.cz\/wp-content\/uploads\/2025\/04\/cropped-logo-dantepraga-new.png","contentUrl":"https:\/\/dantepraga.cz\/wp-content\/uploads\/2025\/04\/cropped-logo-dantepraga-new.png","width":400,"height":136,"caption":"Dante Praga"},"image":{"@id":"https:\/\/dantepraga.cz\/#\/schema\/logo\/image\/"},"sameAs":["https:\/\/www.facebook.com\/dantealighieripraga\/"]}]}},"_links":{"self":[{"href":"https:\/\/dantepraga.cz\/it\/wp-json\/wp\/v2\/pages\/2308","targetHints":{"allow":["GET"]}}],"collection":[{"href":"https:\/\/dantepraga.cz\/it\/wp-json\/wp\/v2\/pages"}],"about":[{"href":"https:\/\/dantepraga.cz\/it\/wp-json\/wp\/v2\/types\/page"}],"author":[{"embeddable":true,"href":"https:\/\/dantepraga.cz\/it\/wp-json\/wp\/v2\/users\/1"}],"replies":[{"embeddable":true,"href":"https:\/\/dantepraga.cz\/it\/wp-json\/wp\/v2\/comments?post=2308"}],"version-history":[{"count":1,"href":"https:\/\/dantepraga.cz\/it\/wp-json\/wp\/v2\/pages\/2308\/revisions"}],"predecessor-version":[{"id":6807,"href":"https:\/\/dantepraga.cz\/it\/wp-json\/wp\/v2\/pages\/2308\/revisions\/6807"}],"wp:attachment":[{"href":"https:\/\/dantepraga.cz\/it\/wp-json\/wp\/v2\/media?parent=2308"}],"curies":[{"name":"wp","href":"https:\/\/api.w.org\/{rel}","templated":true}]}}